{"id":62,"date":"2012-05-09T19:58:50","date_gmt":"2012-05-09T19:58:50","guid":{"rendered":"http:\/\/www.grebsal.at\/indexNeu.php\/?page_id=62"},"modified":"2023-01-29T18:01:46","modified_gmt":"2023-01-29T18:01:46","slug":"offnungszeiten","status":"publish","type":"page","link":"http:\/\/www.grebsal.at\/cafe\/?page_id=62","title":{"rendered":"\u00d6ffnungszeiten"},"content":{"rendered":"<p><em>Unser Lokal hat zu folgenden Zeiten ge\u00f6ffnet<br \/>\n<\/em><\/p>\n<ul>\n<li><em>Dienstag, Donnerstag und Freitag<\/em><em> von 17:00 bis 24:00<\/em> Uhr,<\/li>\n<\/ul>\n<ul>\n<li><em>Mit Voranmeldung \u00f6ffnen wir f\u00fcr Gruppen jeglicher Art.<\/em><\/li>\n<\/ul>\n<p>&nbsp;<\/p>\n<p><em>&nbsp;Telefonisch sind wir unter 07947 \/ 71452 erreichbar.<\/em><\/p>\n","protected":false},"excerpt":{"rendered":"<p>Unser Lokal hat zu folgenden Zeiten ge\u00f6ffnet Dienstag, Donnerstag und Freitag von 17:00 bis 24:00 Uhr, Mit Voranmeldung \u00f6ffnen wir f\u00fcr Gruppen jeglicher Art. &nbsp; &nbsp;Telefonisch sind wir unter 07947 \/ 71452 erreichbar.<\/p>\n","protected":false},"author":1,"featured_media":0,"parent":0,"menu_order":8,"comment_status":"closed","ping_status":"closed","template":"","meta":{"ngg_post_thumbnail":0,"footnotes":""},"_links":{"self":[{"href":"http:\/\/www.grebsal.at\/cafe\/index.php?rest_route=\/wp\/v2\/pages\/62"}],"collection":[{"href":"http:\/\/www.grebsal.at\/cafe\/index.php?rest_route=\/wp\/v2\/pages"}],"about":[{"href":"http:\/\/www.grebsal.at\/cafe\/index.php?rest_route=\/wp\/v2\/types\/page"}],"author":[{"embeddable":true,"href":"http:\/\/www.grebsal.at\/cafe\/index.php?rest_route=\/wp\/v2\/users\/1"}],"replies":[{"embeddable":true,"href":"http:\/\/www.grebsal.at\/cafe\/index.php?rest_route=%2Fwp%2Fv2%2Fcomments&post=62"}],"version-history":[{"count":12,"href":"http:\/\/www.grebsal.at\/cafe\/index.php?rest_route=\/wp\/v2\/pages\/62\/revisions"}],"predecessor-version":[{"id":492,"href":"http:\/\/www.grebsal.at\/cafe\/index.php?rest_route=\/wp\/v2\/pages\/62\/revisions\/492"}],"wp:attachment":[{"href":"http:\/\/www.grebsal.at\/cafe\/index.php?rest_route=%2Fwp%2Fv2%2Fmedia&parent=62"}],"curies":[{"name":"wp","href":"https:\/\/api.w.org\/{rel}","templated":true}]}}