{"id":2,"date":"2012-04-30T19:56:29","date_gmt":"2012-04-30T19:56:29","guid":{"rendered":"http:\/\/localhost:8080\/?page_id=2"},"modified":"2012-05-14T11:46:22","modified_gmt":"2012-05-14T11:46:22","slug":"beispiel-seite","status":"publish","type":"page","link":"http:\/\/www.grebsal.at\/cafe\/?page_id=2","title":{"rendered":"Unser Lokal"},"content":{"rendered":"<p style=\"text-align: justify;\"><em>Das einige Jahre leer stehende Geb\u00e4ude wurde mit viel Liebe zum Detail und vielen kreativen Ideen, wie z.B. der Name Grebsal (Lasberg r\u00fcckw\u00e4rts gelesen) renoviert. Die historische Bausubstanz gepaart mit modernem Ambiente verleiht dem Lokal einen einzigartigen Charakter. Im Zuge der Bauarbeiten wurde unter anderem der ehemalige Gemeindekotter (Gef\u00e4ngnis) freigelegt, wo fr\u00fcher die Leute zwangsweise ausharren mussten und heute dort hoffentlich lange freiwillig sitzen werden.<\/em><\/p>\n<figure id=\"attachment_52\" aria-describedby=\"caption-attachment-52\" style=\"width: 300px\" class=\"wp-caption aligncenter\"><a href=\"http:\/\/www.grebsal.at\/wp-content\/uploads\/2012\/04\/Gastlokal_Grebsal_13-21.4.20121.jpg\"><img loading=\"lazy\" decoding=\"async\" class=\"size-medium wp-image-52\" title=\"Gastlokal &quot;Grebasal&quot;\" src=\"http:\/\/www.grebsal.at\/wp-content\/uploads\/2012\/04\/Gastlokal_Grebsal_13-21.4.20121-300x198.jpg\" alt=\"Gastlokal &quot;Grebasal&quot;\" width=\"300\" height=\"198\" srcset=\"http:\/\/www.grebsal.at\/cafe\/wp-content\/uploads\/2012\/04\/Gastlokal_Grebsal_13-21.4.20121-300x198.jpg 300w, http:\/\/www.grebsal.at\/cafe\/wp-content\/uploads\/2012\/04\/Gastlokal_Grebsal_13-21.4.20121-1024x677.jpg 1024w, http:\/\/www.grebsal.at\/cafe\/wp-content\/uploads\/2012\/04\/Gastlokal_Grebsal_13-21.4.20121.jpg 1183w\" sizes=\"(max-width: 300px) 100vw, 300px\" \/><\/a><figcaption id=\"caption-attachment-52\" class=\"wp-caption-text\">Der ehemaliger Kerker<\/figcaption><\/figure>\n<p>&nbsp;<\/p>\n<p style=\"text-align: center;\">Weiters bieten wir unseren G\u00e4sten im Lokal einen kostenlosen Internetzugang per WLAN!<\/p>\n<p style=\"text-align: center;\"><img loading=\"lazy\" decoding=\"async\" class=\"wp-image-109\" title=\"wlan\" src=\"http:\/\/www.grebsal.at\/wp-content\/uploads\/2012\/04\/wlan.gif\" alt=\"wlan\" width=\"32\" height=\"32\" \/><\/p>\n<p style=\"text-align: left;\">\n","protected":false},"excerpt":{"rendered":"<p>Das einige Jahre leer stehende Geb\u00e4ude wurde mit viel Liebe zum Detail und vielen kreativen Ideen, wie z.B. der Name Grebsal (Lasberg r\u00fcckw\u00e4rts gelesen) renoviert. Die historische Bausubstanz gepaart mit modernem Ambiente verleiht dem Lokal einen einzigartigen Charakter. Im Zuge der Bauarbeiten wurde unter anderem der ehemalige Gemeindekotter (Gef\u00e4ngnis) freigelegt, wo fr\u00fcher die Leute zwangsweise &hellip; <\/p>\n<p class=\"link-more\"><a href=\"http:\/\/www.grebsal.at\/cafe\/?page_id=2\" class=\"more-link\"><span class=\"screen-reader-text\">\u201eUnser Lokal\u201c<\/span> weiterlesen<\/a><\/p>\n","protected":false},"author":1,"featured_media":0,"parent":0,"menu_order":1,"comment_status":"closed","ping_status":"closed","template":"","meta":{"ngg_post_thumbnail":0,"footnotes":""},"_links":{"self":[{"href":"http:\/\/www.grebsal.at\/cafe\/index.php?rest_route=\/wp\/v2\/pages\/2"}],"collection":[{"href":"http:\/\/www.grebsal.at\/cafe\/index.php?rest_route=\/wp\/v2\/pages"}],"about":[{"href":"http:\/\/www.grebsal.at\/cafe\/index.php?rest_route=\/wp\/v2\/types\/page"}],"author":[{"embeddable":true,"href":"http:\/\/www.grebsal.at\/cafe\/index.php?rest_route=\/wp\/v2\/users\/1"}],"replies":[{"embeddable":true,"href":"http:\/\/www.grebsal.at\/cafe\/index.php?rest_route=%2Fwp%2Fv2%2Fcomments&post=2"}],"version-history":[{"count":13,"href":"http:\/\/www.grebsal.at\/cafe\/index.php?rest_route=\/wp\/v2\/pages\/2\/revisions"}],"predecessor-version":[{"id":391,"href":"http:\/\/www.grebsal.at\/cafe\/index.php?rest_route=\/wp\/v2\/pages\/2\/revisions\/391"}],"wp:attachment":[{"href":"http:\/\/www.grebsal.at\/cafe\/index.php?rest_route=%2Fwp%2Fv2%2Fmedia&parent=2"}],"curies":[{"name":"wp","href":"https:\/\/api.w.org\/{rel}","templated":true}]}}