{"id":10,"date":"2012-04-30T21:04:22","date_gmt":"2012-04-30T21:04:22","guid":{"rendered":"http:\/\/localhost:8080\/?page_id=10"},"modified":"2015-01-15T11:42:40","modified_gmt":"2015-01-15T11:42:40","slug":"speisekarte","status":"publish","type":"page","link":"http:\/\/www.grebsal.at\/cafe\/?page_id=10","title":{"rendered":"Speisen &#038; Getr\u00e4nke"},"content":{"rendered":"<p>Wir bieten Dir eine Vielzahl an<\/p>\n<ul>\n<li>alkoholischen und antialkoholischen Getr\u00e4nken,<\/li>\n<li>einige kleine hausgemachte Gerichte und<\/li>\n<li>auf Bestellung auch traditionelle M\u00fchlviertler Kost wie <em>Schweinsbraten, Surbraten <\/em>und<em> Fleischkn\u00f6del.<\/em><\/li>\n<\/ul>\n<p>&nbsp;<\/p>\n<p>Lehn dich zur\u00fcck und lass dich von uns verw\u00f6hnen.<br \/>\nQualit\u00e4t ist dabei unser oberstes Gebot. Bei uns kannst du dir sicher sein, dass wir stets frisch kochen und nur die besten Zutaten verwenden, um deinen und unseren Anspr\u00fcchen gerecht zu werden.<\/p>\n","protected":false},"excerpt":{"rendered":"<p>Wir bieten Dir eine Vielzahl an alkoholischen und antialkoholischen Getr\u00e4nken, einige kleine hausgemachte Gerichte und auf Bestellung auch traditionelle M\u00fchlviertler Kost wie Schweinsbraten, Surbraten und Fleischkn\u00f6del. &nbsp; Lehn dich zur\u00fcck und lass dich von uns verw\u00f6hnen. Qualit\u00e4t ist dabei unser oberstes Gebot. Bei uns kannst du dir sicher sein, dass wir stets frisch kochen und &hellip; <\/p>\n<p class=\"link-more\"><a href=\"http:\/\/www.grebsal.at\/cafe\/?page_id=10\" class=\"more-link\"><span class=\"screen-reader-text\">\u201eSpeisen &#038; Getr\u00e4nke\u201c<\/span> weiterlesen<\/a><\/p>\n","protected":false},"author":1,"featured_media":0,"parent":0,"menu_order":2,"comment_status":"closed","ping_status":"closed","template":"","meta":{"ngg_post_thumbnail":0,"footnotes":""},"_links":{"self":[{"href":"http:\/\/www.grebsal.at\/cafe\/index.php?rest_route=\/wp\/v2\/pages\/10"}],"collection":[{"href":"http:\/\/www.grebsal.at\/cafe\/index.php?rest_route=\/wp\/v2\/pages"}],"about":[{"href":"http:\/\/www.grebsal.at\/cafe\/index.php?rest_route=\/wp\/v2\/types\/page"}],"author":[{"embeddable":true,"href":"http:\/\/www.grebsal.at\/cafe\/index.php?rest_route=\/wp\/v2\/users\/1"}],"replies":[{"embeddable":true,"href":"http:\/\/www.grebsal.at\/cafe\/index.php?rest_route=%2Fwp%2Fv2%2Fcomments&post=10"}],"version-history":[{"count":11,"href":"http:\/\/www.grebsal.at\/cafe\/index.php?rest_route=\/wp\/v2\/pages\/10\/revisions"}],"predecessor-version":[{"id":308,"href":"http:\/\/www.grebsal.at\/cafe\/index.php?rest_route=\/wp\/v2\/pages\/10\/revisions\/308"}],"wp:attachment":[{"href":"http:\/\/www.grebsal.at\/cafe\/index.php?rest_route=%2Fwp%2Fv2%2Fmedia&parent=10"}],"curies":[{"name":"wp","href":"https:\/\/api.w.org\/{rel}","templated":true}]}}